{"id":325,"date":"2024-09-05T18:49:37","date_gmt":"2024-09-05T18:49:37","guid":{"rendered":"https:\/\/labisa.com.pt\/?page_id=325"},"modified":"2024-11-07T15:53:52","modified_gmt":"2024-11-07T15:53:52","slug":"termos-e-condicoes","status":"publish","type":"page","link":"https:\/\/labisa.com.pt\/en\/termos-e-condicoes","title":{"rendered":"Terms and Conditions"},"content":{"rendered":"<h2 class=\"wp-block-heading\">Terms and Conditions<\/h2>\n\n\n\n<p>The content of this website is made available for the purpose of providing general information and does not constitute the provision of legal services.<\/p>\n\n\n\n<p>Labisa Advogados is not liable for any damages that may occur in connection with the information contained on this site. This site is purely informative and has no advertising content or purposes.<\/p>\n\n\n\n<h2 class=\"wp-block-heading\" id=\"politica-privacidade\">Information collected and processing of personal data<\/h2>\n\n\n\n<p>Browsing this site does not imply the provision of personal data, as no personal data identifying a user is automatically recorded.<\/p>\n\n\n\n<p>Although browsing the site does not imply the provision of personal data, we do collect the information you choose to send us via Contacts. <\/p>\n\n\n\n<p>Your personal data will only be processed for the purposes of fulfilling a contract for the provision of legal services, in pursuit of a legitimate interest and with your consent.<\/p>\n\n\n\n<h2 class=\"wp-block-heading\">Cookie policy<\/h2>\n\n\n\n<p>This website uses cookies to develop and improve our services and the functioning of the website.<\/p>\n\n\n\n<p>Cookies do not include details that can be used to identify you, only the device you are using.<\/p>\n\n\n\n<p>The user has the option, at any time, of configuring their browser to accept all cookies, to notify them when a cookie is issued or not to receive any cookies.<\/p>","protected":false},"excerpt":{"rendered":"<p>Termos e Condi\u00e7\u00f5es O conte\u00fado deste site \u00e9 disponibilizado com o objectivo de fornecer informa\u00e7\u00f5es de car\u00e1cter geral e n\u00e3o constitui a presta\u00e7\u00e3o de servi\u00e7os jur\u00eddicos. A Labisa Advogados exclui a sua responsabilidade por quaisquer danos que poder\u00e3o ocorrer relacionados com a informa\u00e7\u00e3o contida neste site. Este site \u00e9 meramente informativo e n\u00e3o tem um [&hellip;]<\/p>","protected":false},"author":1,"featured_media":225,"parent":0,"menu_order":0,"comment_status":"closed","ping_status":"closed","template":"","meta":{"_siteseo_robots_primary_cat":"","footnotes":""},"class_list":["post-325","page","type-page","status-publish","has-post-thumbnail","hentry"],"_links":{"self":[{"href":"https:\/\/labisa.com.pt\/en\/wp-json\/wp\/v2\/pages\/325","targetHints":{"allow":["GET"]}}],"collection":[{"href":"https:\/\/labisa.com.pt\/en\/wp-json\/wp\/v2\/pages"}],"about":[{"href":"https:\/\/labisa.com.pt\/en\/wp-json\/wp\/v2\/types\/page"}],"author":[{"embeddable":true,"href":"https:\/\/labisa.com.pt\/en\/wp-json\/wp\/v2\/users\/1"}],"replies":[{"embeddable":true,"href":"https:\/\/labisa.com.pt\/en\/wp-json\/wp\/v2\/comments?post=325"}],"version-history":[{"count":1,"href":"https:\/\/labisa.com.pt\/en\/wp-json\/wp\/v2\/pages\/325\/revisions"}],"predecessor-version":[{"id":718,"href":"https:\/\/labisa.com.pt\/en\/wp-json\/wp\/v2\/pages\/325\/revisions\/718"}],"wp:featuredmedia":[{"embeddable":true,"href":"https:\/\/labisa.com.pt\/en\/wp-json\/wp\/v2\/media\/225"}],"wp:attachment":[{"href":"https:\/\/labisa.com.pt\/en\/wp-json\/wp\/v2\/media?parent=325"}],"curies":[{"name":"wp","href":"https:\/\/api.w.org\/{rel}","templated":true}]}}