{"id":287,"date":"2024-09-05T18:16:17","date_gmt":"2024-09-05T18:16:17","guid":{"rendered":"https:\/\/labisa.com.pt\/?page_id=287"},"modified":"2024-11-07T15:58:29","modified_gmt":"2024-11-07T15:58:29","slug":"maria-joao-palrao","status":"publish","type":"page","link":"https:\/\/labisa.com.pt\/en\/maria-joao-palrao","title":{"rendered":"Maria Jo\u00e3o Palr\u00e3o"},"content":{"rendered":"<div class=\"wp-block-group alignfull has-global-padding is-layout-constrained wp-container-core-group-is-layout-4c48b175 wp-block-group-is-layout-constrained\" style=\"margin-top:0;margin-bottom:0;padding-top:0;padding-right:0;padding-bottom:0;padding-left:0\">\n<div class=\"wp-block-columns alignwide is-layout-flex wp-container-core-columns-is-layout-4935966c wp-block-columns-is-layout-flex\" style=\"padding-right:0;padding-left:0\">\n<div class=\"wp-block-column is-layout-flow wp-block-column-is-layout-flow\">\n<figure class=\"wp-block-image aligncenter size-full is-resized has-custom-border is-style-default\"><img loading=\"lazy\" decoding=\"async\" width=\"800\" height=\"1200\" src=\"https:\/\/labisa.com.pt\/wp-content\/uploads\/2024\/11\/mjp-1.jpg\" alt=\"Maria Jo\u00e3o Palr\u00e3o\" class=\"wp-image-695\" style=\"border-radius:5%;width:300px\" srcset=\"https:\/\/labisa.com.pt\/wp-content\/uploads\/2024\/11\/mjp-1.jpg 800w, https:\/\/labisa.com.pt\/wp-content\/uploads\/2024\/11\/mjp-1-200x300.jpg 200w, https:\/\/labisa.com.pt\/wp-content\/uploads\/2024\/11\/mjp-1-683x1024.jpg 683w, https:\/\/labisa.com.pt\/wp-content\/uploads\/2024\/11\/mjp-1-768x1152.jpg 768w, https:\/\/labisa.com.pt\/wp-content\/uploads\/2024\/11\/mjp-1-8x12.jpg 8w\" sizes=\"auto, (max-width: 800px) 100vw, 800px\" \/><\/figure>\n\n\n\n<div style=\"height:1px\" aria-hidden=\"true\" class=\"wp-block-spacer\"><\/div>\n\n\n\n<div class=\"wp-block-group is-vertical is-content-justification-center is-nowrap is-layout-flex wp-container-core-group-is-layout-21d4e958 wp-block-group-is-layout-flex\">\n<h2 class=\"wp-block-heading has-text-align-center has-large-font-size\"><strong>Maria Jo\u00e3o Palr\u00e3o<\/strong><\/h2>\n\n\n\n<p class=\"has-text-align-center has-medium-font-size\">Associate<\/p>\n<\/div>\n<\/div>\n<\/div>\n\n\n\n<div style=\"height:1px\" aria-hidden=\"true\" class=\"wp-block-spacer\"><\/div>\n\n\n\n<p>Maria joined Labisa Advogados in 2015.<\/p>\n\n\n\n<p>Post Graduate Course in Commercial and Corporate Law at <i>Faculdade de Direito de Lisboa.<\/i><br>Post Graduate Studies in Public Contracts Law.<\/p>\n\n\n\n<p>Maria is responsible for Ship Mortgages and Ship Sales and Registration, in particular at the International Shipping Register of Madeira (MAR).<\/p>\n\n\n\n<div style=\"height:1px\" aria-hidden=\"true\" class=\"wp-block-spacer\"><\/div>\n\n\n\n<h2 class=\"wp-block-heading has-medium-font-size\"><strong>Areas of practice<\/strong><\/h2>\n\n\n\n<ul class=\"wp-block-list\">\n<li>Shipping and Admiralty Law<\/li>\n\n\n\n<li><em><span style=\"font-style: normal\">Ship Finance<\/span><\/em><\/li>\n\n\n\n<li>Commercial and Corporate Law<\/li>\n\n\n\n<li>Public Contracts<\/li>\n<\/ul>\n\n\n\n<h5 class=\"wp-block-heading\"><strong>Languages<\/strong><\/h5>\n\n\n\n<ul class=\"wp-block-list\">\n<li>English (fluent)<\/li>\n\n\n\n<li>Spanish<\/li>\n<\/ul>\n\n\n\n<p><\/p>\n<\/div>","protected":false},"excerpt":{"rendered":"<p>Maria Jo\u00e3o Palr\u00e3o Associada Maria Jo\u00e3o entrou na Labisa Advogados em 2015. Curso de P\u00f3s-gradua\u00e7\u00e3o em Direito Comercial e Societ\u00e1rio, na Faculdade de Direito de Lisboa.Estudos de P\u00f3s-gradua\u00e7\u00e3o em Direito dos Contratos P\u00fablicos. Maria Jo\u00e3o \u00e9 respons\u00e1vel por Hipotecas Mar\u00edtimas, Compra e Venda e Registo de Navios, em particular no Registo Internacional de Navios da [&hellip;]<\/p>","protected":false},"author":1,"featured_media":575,"parent":0,"menu_order":0,"comment_status":"closed","ping_status":"closed","template":"team-member","meta":{"_siteseo_robots_primary_cat":"","footnotes":""},"class_list":["post-287","page","type-page","status-publish","has-post-thumbnail","hentry"],"_links":{"self":[{"href":"https:\/\/labisa.com.pt\/en\/wp-json\/wp\/v2\/pages\/287","targetHints":{"allow":["GET"]}}],"collection":[{"href":"https:\/\/labisa.com.pt\/en\/wp-json\/wp\/v2\/pages"}],"about":[{"href":"https:\/\/labisa.com.pt\/en\/wp-json\/wp\/v2\/types\/page"}],"author":[{"embeddable":true,"href":"https:\/\/labisa.com.pt\/en\/wp-json\/wp\/v2\/users\/1"}],"replies":[{"embeddable":true,"href":"https:\/\/labisa.com.pt\/en\/wp-json\/wp\/v2\/comments?post=287"}],"version-history":[{"count":2,"href":"https:\/\/labisa.com.pt\/en\/wp-json\/wp\/v2\/pages\/287\/revisions"}],"predecessor-version":[{"id":724,"href":"https:\/\/labisa.com.pt\/en\/wp-json\/wp\/v2\/pages\/287\/revisions\/724"}],"wp:featuredmedia":[{"embeddable":true,"href":"https:\/\/labisa.com.pt\/en\/wp-json\/wp\/v2\/media\/575"}],"wp:attachment":[{"href":"https:\/\/labisa.com.pt\/en\/wp-json\/wp\/v2\/media?parent=287"}],"curies":[{"name":"wp","href":"https:\/\/api.w.org\/{rel}","templated":true}]}}