{"id":284,"date":"2024-09-05T18:14:39","date_gmt":"2024-09-05T18:14:39","guid":{"rendered":"https:\/\/labisa.com.pt\/?page_id=284"},"modified":"2024-11-06T19:47:28","modified_gmt":"2024-11-06T19:47:28","slug":"miguel-labisa","status":"publish","type":"page","link":"https:\/\/labisa.com.pt\/en\/miguel-labisa","title":{"rendered":"Miguel Labisa"},"content":{"rendered":"<div class=\"wp-block-group alignfull has-global-padding is-layout-constrained wp-container-core-group-is-layout-4c48b175 wp-block-group-is-layout-constrained\" style=\"margin-top:0;margin-bottom:0;padding-top:0;padding-right:0;padding-bottom:0;padding-left:0\">\n<div class=\"wp-block-columns alignwide is-layout-flex wp-container-core-columns-is-layout-4935966c wp-block-columns-is-layout-flex\" style=\"padding-right:0;padding-left:0\">\n<div class=\"wp-block-column is-layout-flow wp-block-column-is-layout-flow\">\n<figure class=\"wp-block-image aligncenter size-full is-resized has-custom-border is-style-default\"><img loading=\"lazy\" decoding=\"async\" width=\"800\" height=\"1200\" src=\"https:\/\/labisa.com.pt\/wp-content\/uploads\/2024\/11\/ml-1.jpg\" alt=\"Miguel Labisa\" class=\"wp-image-692\" style=\"border-radius:5%;width:300px\" srcset=\"https:\/\/labisa.com.pt\/wp-content\/uploads\/2024\/11\/ml-1.jpg 800w, https:\/\/labisa.com.pt\/wp-content\/uploads\/2024\/11\/ml-1-200x300.jpg 200w, https:\/\/labisa.com.pt\/wp-content\/uploads\/2024\/11\/ml-1-683x1024.jpg 683w, https:\/\/labisa.com.pt\/wp-content\/uploads\/2024\/11\/ml-1-768x1152.jpg 768w, https:\/\/labisa.com.pt\/wp-content\/uploads\/2024\/11\/ml-1-8x12.jpg 8w\" sizes=\"auto, (max-width: 800px) 100vw, 800px\" \/><\/figure>\n\n\n\n<div style=\"height:1px\" aria-hidden=\"true\" class=\"wp-block-spacer\"><\/div>\n\n\n\n<div class=\"wp-block-group is-vertical is-content-justification-center is-nowrap is-layout-flex wp-container-core-group-is-layout-21d4e958 wp-block-group-is-layout-flex\">\n<h2 class=\"wp-block-heading has-text-align-center has-large-font-size\"><strong>Miguel Labisa<\/strong><\/h2>\n\n\n\n<p class=\"has-text-align-center has-medium-font-size\">Associate<\/p>\n<\/div>\n<\/div>\n<\/div>\n\n\n\n<div style=\"height:1px\" aria-hidden=\"true\" class=\"wp-block-spacer\"><\/div>\n\n\n\n<p>Miguel joined Labisa Advogados in February 2015.<\/p>\n\n\n\n<p>Post Graduate Course in Energy and Environmental Law at <i>Universidade Cat\u00f3lica Portuguesa<\/i>.<\/p>\n\n\n\n<p>Recently, Miguel Labisa was one of the coordinators of the Maritime Law Post-Graduate Course of the <i>Universidade Cat\u00f3lica Portuguesa<\/i>.<\/p>\n\n\n\n<p>Miguel is the head of Litigation.<\/p>\n\n\n\n<div style=\"height:1px\" aria-hidden=\"true\" class=\"wp-block-spacer\"><\/div>\n\n\n\n<h5 class=\"wp-block-heading\"><strong>Areas of practice<\/strong><\/h5>\n\n\n\n<ul class=\"wp-block-list\">\n<li>General Litigation<\/li>\n\n\n\n<li>Energy and Environmental Law<\/li>\n\n\n\n<li class=\" translation-block\">Shipping Law (including international shipping disputes, Arbitration and Ship Finance)<\/li>\n\n\n\n<li>Commercial and Corporate Law<\/li>\n\n\n\n<li>Nationality and Residence Permits for Foreigners<\/li>\n<\/ul>\n\n\n\n<h5 class=\"wp-block-heading\"><strong>Languages<\/strong><\/h5>\n\n\n\n<ul class=\"wp-block-list\">\n<li>English (fluent)<\/li>\n\n\n\n<li>Spanish<\/li>\n<\/ul>\n<\/div>","protected":false},"excerpt":{"rendered":"<p>Miguel Labisa Associado Miguel entrou na Labisa Advogados em Fevereiro de 2015. Curso de P\u00f3s-gradua\u00e7\u00e3o em Direito da Energia e do Ambiente, na Universidade Cat\u00f3lica Portuguesa. Recentemente, Miguel Labisa foi um dos coordenadores do Curso de P\u00f3s-gradua\u00e7\u00e3o em Direito Mar\u00edtimo da Universidade Cat\u00f3lica Portuguesa. Miguel \u00e9 respons\u00e1vel pela \u00e1rea de contencioso. \u00c1reas de pr\u00e1tica Idiomas<\/p>","protected":false},"author":1,"featured_media":572,"parent":0,"menu_order":0,"comment_status":"closed","ping_status":"closed","template":"team-member","meta":{"_siteseo_robots_primary_cat":"","footnotes":""},"class_list":["post-284","page","type-page","status-publish","has-post-thumbnail","hentry"],"_links":{"self":[{"href":"https:\/\/labisa.com.pt\/en\/wp-json\/wp\/v2\/pages\/284","targetHints":{"allow":["GET"]}}],"collection":[{"href":"https:\/\/labisa.com.pt\/en\/wp-json\/wp\/v2\/pages"}],"about":[{"href":"https:\/\/labisa.com.pt\/en\/wp-json\/wp\/v2\/types\/page"}],"author":[{"embeddable":true,"href":"https:\/\/labisa.com.pt\/en\/wp-json\/wp\/v2\/users\/1"}],"replies":[{"embeddable":true,"href":"https:\/\/labisa.com.pt\/en\/wp-json\/wp\/v2\/comments?post=284"}],"version-history":[{"count":1,"href":"https:\/\/labisa.com.pt\/en\/wp-json\/wp\/v2\/pages\/284\/revisions"}],"predecessor-version":[{"id":703,"href":"https:\/\/labisa.com.pt\/en\/wp-json\/wp\/v2\/pages\/284\/revisions\/703"}],"wp:featuredmedia":[{"embeddable":true,"href":"https:\/\/labisa.com.pt\/en\/wp-json\/wp\/v2\/media\/572"}],"wp:attachment":[{"href":"https:\/\/labisa.com.pt\/en\/wp-json\/wp\/v2\/media?parent=284"}],"curies":[{"name":"wp","href":"https:\/\/api.w.org\/{rel}","templated":true}]}}