{"id":281,"date":"2024-09-05T18:11:47","date_gmt":"2024-09-05T18:11:47","guid":{"rendered":"https:\/\/labisa.com.pt\/?page_id=281"},"modified":"2024-11-06T19:47:09","modified_gmt":"2024-11-06T19:47:09","slug":"mariana-corregedor-mineiro","status":"publish","type":"page","link":"https:\/\/labisa.com.pt\/en\/mariana-corregedor-mineiro","title":{"rendered":"Mariana Corregedor Mineiro"},"content":{"rendered":"<div class=\"wp-block-group alignwide has-global-padding is-layout-constrained wp-block-group-is-layout-constrained\">\n<div class=\"wp-block-columns alignwide is-layout-flex wp-container-core-columns-is-layout-4935966c wp-block-columns-is-layout-flex\" style=\"padding-right:0;padding-left:0\">\n<div class=\"wp-block-column is-layout-flow wp-block-column-is-layout-flow\">\n<figure class=\"wp-block-image aligncenter size-full is-resized has-custom-border is-style-default\"><img loading=\"lazy\" decoding=\"async\" width=\"800\" height=\"1200\" src=\"https:\/\/labisa.com.pt\/wp-content\/uploads\/2024\/11\/mcm-1.jpg\" alt=\"Mariana Corregedor Mineiro\" class=\"wp-image-694\" style=\"border-radius:5%;width:300px\" srcset=\"https:\/\/labisa.com.pt\/wp-content\/uploads\/2024\/11\/mcm-1.jpg 800w, https:\/\/labisa.com.pt\/wp-content\/uploads\/2024\/11\/mcm-1-200x300.jpg 200w, https:\/\/labisa.com.pt\/wp-content\/uploads\/2024\/11\/mcm-1-683x1024.jpg 683w, https:\/\/labisa.com.pt\/wp-content\/uploads\/2024\/11\/mcm-1-768x1152.jpg 768w, https:\/\/labisa.com.pt\/wp-content\/uploads\/2024\/11\/mcm-1-8x12.jpg 8w\" sizes=\"auto, (max-width: 800px) 100vw, 800px\" \/><\/figure>\n\n\n\n<div style=\"height:1px\" aria-hidden=\"true\" class=\"wp-block-spacer\"><\/div>\n\n\n\n<div class=\"wp-block-group is-vertical is-content-justification-center is-nowrap is-layout-flex wp-container-core-group-is-layout-21d4e958 wp-block-group-is-layout-flex\">\n<h2 class=\"wp-block-heading has-text-align-center has-large-font-size\"><strong>Mariana Corregedor Mineiro<\/strong><\/h2>\n\n\n\n<p class=\"has-text-align-center has-medium-font-size\">Associate<\/p>\n<\/div>\n<\/div>\n<\/div>\n<\/div>\n\n\n\n<div class=\"wp-block-group has-global-padding is-layout-constrained wp-block-group-is-layout-constrained\">\n<div class=\"wp-block-group is-vertical is-layout-flex wp-container-core-group-is-layout-fe9cc265 wp-block-group-is-layout-flex\">\n<div style=\"height:30px\" aria-hidden=\"true\" class=\"wp-block-spacer wp-container-content-cf2db169\"><\/div>\n\n\n\n<p>Mariana joined Labisa Advogados in 2006.<\/p>\n\n\n\n<p>Post Graduate Course in Labour Law and Social Welfare.<br>Post Graduate Course in Renewable Energy.<\/p>\n\n\n\n<p><\/p>\n\n\n\n<h5 class=\"wp-block-heading\"><strong>Areas of practice<\/strong><\/h5>\n\n\n\n<ul class=\"wp-block-list\">\n<li>Labour Law<\/li>\n\n\n\n<li>Social Welfare<\/li>\n\n\n\n<li>Real Estate<\/li>\n\n\n\n<li>Registry and Notary Law<\/li>\n\n\n\n<li>Nationality and Residence Permits for Foreigners<\/li>\n<\/ul>\n\n\n\n<h5 class=\"wp-block-heading\"><strong>Languages<\/strong><\/h5>\n\n\n\n<ul class=\"wp-block-list\">\n<li>English<\/li>\n\n\n\n<li>Spanish<\/li>\n<\/ul>\n\n\n\n<p><\/p>\n<\/div>\n<\/div>","protected":false},"excerpt":{"rendered":"<p>Mariana Corregedor Mineiro Associada Mariana entrou na Labisa Advogados em 2006. Curso de P\u00f3s-gradua\u00e7\u00e3o em Direito do Trabalho e da Seguran\u00e7a Social.Curso de P\u00f3s-gradua\u00e7\u00e3o em Energias Renov\u00e1veis. \u00c1reas de pr\u00e1tica Idiomas<\/p>","protected":false},"author":1,"featured_media":574,"parent":0,"menu_order":0,"comment_status":"closed","ping_status":"closed","template":"team-member","meta":{"_siteseo_robots_primary_cat":"","footnotes":""},"class_list":["post-281","page","type-page","status-publish","has-post-thumbnail","hentry"],"_links":{"self":[{"href":"https:\/\/labisa.com.pt\/en\/wp-json\/wp\/v2\/pages\/281","targetHints":{"allow":["GET"]}}],"collection":[{"href":"https:\/\/labisa.com.pt\/en\/wp-json\/wp\/v2\/pages"}],"about":[{"href":"https:\/\/labisa.com.pt\/en\/wp-json\/wp\/v2\/types\/page"}],"author":[{"embeddable":true,"href":"https:\/\/labisa.com.pt\/en\/wp-json\/wp\/v2\/users\/1"}],"replies":[{"embeddable":true,"href":"https:\/\/labisa.com.pt\/en\/wp-json\/wp\/v2\/comments?post=281"}],"version-history":[{"count":1,"href":"https:\/\/labisa.com.pt\/en\/wp-json\/wp\/v2\/pages\/281\/revisions"}],"predecessor-version":[{"id":702,"href":"https:\/\/labisa.com.pt\/en\/wp-json\/wp\/v2\/pages\/281\/revisions\/702"}],"wp:featuredmedia":[{"embeddable":true,"href":"https:\/\/labisa.com.pt\/en\/wp-json\/wp\/v2\/media\/574"}],"wp:attachment":[{"href":"https:\/\/labisa.com.pt\/en\/wp-json\/wp\/v2\/media?parent=281"}],"curies":[{"name":"wp","href":"https:\/\/api.w.org\/{rel}","templated":true}]}}