{"id":238,"date":"2024-09-05T16:59:04","date_gmt":"2024-09-05T16:59:04","guid":{"rendered":"https:\/\/labisa.com.pt\/?page_id=238"},"modified":"2024-11-07T16:47:42","modified_gmt":"2024-11-07T16:47:42","slug":"antonio-castilho-labisa","status":"publish","type":"page","link":"https:\/\/labisa.com.pt\/en\/antonio-castilho-labisa","title":{"rendered":"Ant\u00f3nio Castilho Labisa"},"content":{"rendered":"<div class=\"wp-block-columns alignwide is-layout-flex wp-container-core-columns-is-layout-4935966c wp-block-columns-is-layout-flex\" style=\"padding-right:0;padding-left:0\">\n<div class=\"wp-block-column is-layout-flow wp-block-column-is-layout-flow\">\n<figure class=\"wp-block-image aligncenter size-full is-resized has-custom-border is-style-default\"><img loading=\"lazy\" decoding=\"async\" width=\"800\" height=\"1200\" src=\"https:\/\/labisa.com.pt\/wp-content\/uploads\/2024\/11\/acl-1.jpg\" alt=\"Ant\u00f3nio Castilho Labisa\" class=\"wp-image-696\" style=\"border-radius:5%;width:300px\" srcset=\"https:\/\/labisa.com.pt\/wp-content\/uploads\/2024\/11\/acl-1.jpg 800w, https:\/\/labisa.com.pt\/wp-content\/uploads\/2024\/11\/acl-1-200x300.jpg 200w, https:\/\/labisa.com.pt\/wp-content\/uploads\/2024\/11\/acl-1-683x1024.jpg 683w, https:\/\/labisa.com.pt\/wp-content\/uploads\/2024\/11\/acl-1-768x1152.jpg 768w, https:\/\/labisa.com.pt\/wp-content\/uploads\/2024\/11\/acl-1-8x12.jpg 8w\" sizes=\"auto, (max-width: 800px) 100vw, 800px\" \/><\/figure>\n\n\n\n<div class=\"wp-block-group is-vertical is-content-justification-center is-nowrap is-layout-flex wp-container-core-group-is-layout-21d4e958 wp-block-group-is-layout-flex\">\n<div style=\"height:0px\" aria-hidden=\"true\" class=\"wp-block-spacer wp-container-content-cf2db169\"><\/div>\n\n\n\n<h2 class=\"wp-block-heading has-text-align-center has-large-font-size\"><strong>Ant\u00f3nio Castilho Labisa<\/strong><\/h2>\n\n\n\n<p class=\"has-text-align-center has-medium-font-size\">Partner<\/p>\n<\/div>\n<\/div>\n<\/div>\n\n\n\n<div class=\"wp-block-group has-global-padding is-layout-constrained wp-block-group-is-layout-constrained\">\n<div class=\"wp-block-group is-vertical is-layout-flex wp-container-core-group-is-layout-fe9cc265 wp-block-group-is-layout-flex\">\n<div class=\"wp-block-columns is-layout-flex wp-container-core-columns-is-layout-28f84493 wp-block-columns-is-layout-flex\">\n<div class=\"wp-block-column is-layout-flow wp-block-column-is-layout-flow\">\n<div style=\"height:30px\" aria-hidden=\"true\" class=\"wp-block-spacer\"><\/div>\n\n\n\n<p>Ant\u00f3nio Castilho Labisa has over 40 years of experience as legal counsel for a number of important companies in the shipping \u00e1rea, e.g. shipowners, banks and financial entities, P&amp;I Clubs and insurance companies<br><\/p>\n\n\n\n<p>He was a founding partner and member of the \u201cInstituto Hispano-Luso-Americano de Direito Mar\u00edtimo\u201d Audit Board (1988-1991) as well as assisting the Portuguese Bar Association in the drafting of the Maritime Courts Law. He is currently a member of the panel of arbitrators of the \u201cCentro de Arbitragem Mar\u00edtima\u201d (Maritime Arbitration Centre) based in Lisbon.<\/p>\n\n\n\n<p>Ant\u00f3nio Castilho Labisa has also a vast experience in energy law, in particular renewable energy having acted in the past 24 years as legal counsel for a large number of companies and international funds in the development, licensing, funding, construction and operation of windfarms and PV solar plants and hydroelectric plants.<\/p>\n\n\n\n<p>Recently, Ant\u00f3nio Labisa was one of the coordinators of the Maritime Law Post-Graduate Course of the Universidade Cat\u00f3lica Portuguesa having given a lecture on Salvage and Collisions at Sea.&nbsp;<\/p>\n\n\n\n<p><\/p>\n\n\n\n<div style=\"height:1px\" aria-hidden=\"true\" class=\"wp-block-spacer\"><\/div>\n\n\n\n<h5 class=\"wp-block-heading\"><strong>Areas of practice<\/strong><\/h5>\n\n\n\n<ul class=\"wp-block-list\">\n<li>Shipping and Admiralty Law<\/li>\n\n\n\n<li><em><span style=\"font-style: normal\">Ship Finance<\/span><\/em>   <\/li>\n\n\n\n<li>Energy and Environmental Law<\/li>\n\n\n\n<li>Commercial and Corporate Law<\/li>\n\n\n\n<li>Energy Project Financing<\/li>\n\n\n\n<li>Litigation<\/li>\n<\/ul>\n\n\n\n<h5 class=\"wp-block-heading\"><strong>Languages<\/strong><\/h5>\n\n\n\n<ul class=\"wp-block-list\">\n<li>English (fluent)<\/li>\n\n\n\n<li>French (fluent)<\/li>\n\n\n\n<li>Spanish<\/li>\n<\/ul>\n<\/div>\n<\/div>\n<\/div>\n<\/div>\n\n\n\n<p><\/p>","protected":false},"excerpt":{"rendered":"<p>Ant\u00f3nio Castilho Labisa S\u00f3cio Ant\u00f3nio Castilho Labisa tem mais de 40 anos de experi\u00eancia como advogado de v\u00e1rias empresas importantes na \u00e1rea mar\u00edtima, como armadores, bancos e entidades financeiras, P&amp;I Clubs e companhias de seguros. Foi s\u00f3cio fundador e membro do Conselho Fiscal do \u201cInstituto Hispano-Luso-Americano de Direito Mar\u00edtimo\u201d (1988-1991), al\u00e9m de ter auxiliado a [&hellip;]<\/p>","protected":false},"author":1,"featured_media":576,"parent":0,"menu_order":0,"comment_status":"closed","ping_status":"closed","template":"team-member","meta":{"_siteseo_robots_primary_cat":"","footnotes":""},"class_list":["post-238","page","type-page","status-publish","has-post-thumbnail","hentry"],"_links":{"self":[{"href":"https:\/\/labisa.com.pt\/en\/wp-json\/wp\/v2\/pages\/238","targetHints":{"allow":["GET"]}}],"collection":[{"href":"https:\/\/labisa.com.pt\/en\/wp-json\/wp\/v2\/pages"}],"about":[{"href":"https:\/\/labisa.com.pt\/en\/wp-json\/wp\/v2\/types\/page"}],"author":[{"embeddable":true,"href":"https:\/\/labisa.com.pt\/en\/wp-json\/wp\/v2\/users\/1"}],"replies":[{"embeddable":true,"href":"https:\/\/labisa.com.pt\/en\/wp-json\/wp\/v2\/comments?post=238"}],"version-history":[{"count":8,"href":"https:\/\/labisa.com.pt\/en\/wp-json\/wp\/v2\/pages\/238\/revisions"}],"predecessor-version":[{"id":731,"href":"https:\/\/labisa.com.pt\/en\/wp-json\/wp\/v2\/pages\/238\/revisions\/731"}],"wp:featuredmedia":[{"embeddable":true,"href":"https:\/\/labisa.com.pt\/en\/wp-json\/wp\/v2\/media\/576"}],"wp:attachment":[{"href":"https:\/\/labisa.com.pt\/en\/wp-json\/wp\/v2\/media?parent=238"}],"curies":[{"name":"wp","href":"https:\/\/api.w.org\/{rel}","templated":true}]}}